{"id":175,"date":"2025-01-22T01:34:51","date_gmt":"2025-01-22T01:34:51","guid":{"rendered":"https:\/\/verbum.unibuc.ro\/?page_id=175"},"modified":"2025-01-22T01:34:51","modified_gmt":"2025-01-22T01:34:51","slug":"seria-a-iv-a-anul-ii-2021","status":"publish","type":"page","link":"https:\/\/verbum.unibuc.ro\/?page_id=175","title":{"rendered":"Seria a IV-a Anul II (2021)"},"content":{"rendered":"<p><strong>Mystical Love in Philo of Alexandria\/Iubirea mistic\u0103 la Filon din Alexandria<\/strong><\/p>\n<p>Autor: Stephan Hecht<\/p>\n<p>Pagini: 5-20<\/p>\n<p>Abstract:<\/p>\n<p>Philo of Alexandria is one of the most influential Jewish thinkers of the ancient<br \/>\nworld rediscovered by scholarship for his role in shaping early Christian and patristic<br \/>\nthought in the past 30 years. In this article, I try to elaborate on his concept of mystical love<br \/>\nby illuminating three areas where love reveals itself in his allegorical interpretations of the<br \/>\nTora. Starting with natural love and anthropological considerations, I will show how a negative<br \/>\nconcept of love expressed in yearning of the individual for his archetype can be transformed<br \/>\ninto the experience of mystical love by right opinion and knowledge of God, motivating<br \/>\nauthentic ethical conduct and revealing the human soul as a temple for the divine. As I<br \/>\nwill show at the end, Philo identifies himself as a mystical theorist whose own mystical experiences<br \/>\nmust be read as the background to his understanding of love.<\/p>\n<p><a href=\"https:\/\/verbum.unibuc.ro\/wp-content\/uploads\/2022\/12\/01_Verbum_2_2021_Hecht.pdf\">Full Text | PDF<\/a><\/p>\n<p>&nbsp;<\/p>\n<p><strong>Philosophical Eros, tyrannical Eros, and pleasure (<em>h\u00eadon\u00ea<\/em>) in Plato\u2019s\u00a0<em>Symposium<\/em>\u00a0and\u00a0<em>Republic<\/em>\/Eros filosofic, eros tiranic \u0219i pl\u0103cere (<em>h\u0113don\u0113<\/em>) \u00een\u00a0<em>Banchetul<\/em>\u00a0\u0219i \u00een\u00a0<em>Republica<\/em>\u00a0lui Platon<\/strong><\/p>\n<p>Autor: Maria Schwartz<\/p>\n<p>Pagini: 21-33<\/p>\n<p>Abstract:<\/p>\n<p>Why does Plato call two kinds of love \u201cEros\u201d which appear to be fundamentally<br \/>\ndifferent from each other? The philosophical Eros in\u00a0<em>Symposium<\/em>\u00a0leads to the highest<br \/>\nvision of beauty and fosters a philosophical life. The tyrannical Eros in Republic IX is a destructive<br \/>\nforce, depriving people of their humanity. A key concept to understand the difference<br \/>\nis pleasure (<em>h\u00eadon\u00ea<\/em>). The contribution aims to show that Eros, the tyrannical ruler of<br \/>\nthe soul is different from Eros, the helper in climbing the ladder of love, because Eros itself<br \/>\nis an ambivalent neutral force. It depends on its direction towards an object if it turns out to<br \/>\nbe good or bad, harmful or helpful. To argue for this understanding a few objections of<br \/>\nCharles H. Kahn against Eros as a neutral power are ad-dressed.<\/p>\n<p><a href=\"https:\/\/verbum.unibuc.ro\/wp-content\/uploads\/2022\/12\/02_Verbum_2_2021_Schwartz.pdf\">Full Text | PDF<\/a><\/p>\n<p>&nbsp;<\/p>\n<p><strong>Plotinus and St. Augustine: Love as Unifier, Love as Triunifier\/Plotin \u0219i Sf. Augustin: Iubirea ca unificator, iubirea ca tri-unificator<\/strong><\/p>\n<p>Autor: Michael Wladika<\/p>\n<p>Pagini: 34-46<\/p>\n<p>Abstract:<\/p>\n<p>Love is, on the top-level of thinking, relevant as unifier and as triunifier. Love<br \/>\nstructures, directs, unifies. This is so on many levels, as is obvious at least from and since the<br \/>\ndevelopment of the ladder of love in Plato\u2019s\u00a0<em>Symposium<\/em>\u00a0(210a\u2013212a). Love in the end\u2014beyond<br \/>\nall subordinate efforts at unification\u2014unites with or at least points to our origin. It is the<br \/>\ninbuilt redditus-, anamnesis-, recollection-structure in being, the return of the lost son. So<br \/>\nlove generally makes us transcend ourselves. It is the transcending movement of soul and<br \/>\nmind. Love also intrinsically differentiates. It can at least be seen in strong examples and actualisations<br \/>\nof love that the\u00a0<em>relata<\/em>\u2014lover and beloved\u2014are not being lost and absorbed in a<br \/>\nsentimental love-sauce or soup, but intensified in their being. If this is so, it seems at least<br \/>\nthinkable that there is an instance of so perfect love that in it lover, love and beloved are three<br \/>\nand one. Love is then the inner life of the most perfect mind. The first of these two systematic<br \/>\npoints\u2014love as transcending\u2014is in this paper developed with the pagan Platonic tradition,<br \/>\nculminating for our purposes in Plotinus\u2019 theory of the\u00a0<em>nous eron<\/em>\u00a0(Ennead VI 7). The same<br \/>\nmovement within Christian thinking is spelled out in looking at the early St. Augustine\u2019s<br \/>\nthinking of love. This development can be seen as being typically there in the De quaestionibus<br \/>\n<em>octoginta<\/em>\u2013<em>tribus<\/em>\u00a0q. 35 and as being resumed and summed up in\u00a0<em>Confessiones<\/em>\u00a0XIII 9. The<br \/>\nsecond point\u2014love as intrinsically differentiating\u2014is here arrived at with aspects of\u00a0<em>De Trinitate<\/em><br \/>\nIX 1. It can perhaps be seen that \u2018modifications\u2019 in the thinking of love form a not inconsiderable<br \/>\npart of the turn from pagan to Christian Neoplatonism.<\/p>\n<p><a href=\"https:\/\/verbum.unibuc.ro\/wp-content\/uploads\/2022\/12\/03_Verbum_2_2021_Wladika.pdf\">Full Text | PDF<\/a><\/p>\n<p>&nbsp;<\/p>\n<p><strong>\u201cThis Worldly Religion of the Heart\u201d: The Relevance of Hegel\u2019s Concept of True Love for Today\u2019s Social Theory and Philosophy of Religion\/\u201eReligia lumeasc\u0103 a inimii\u201c: relevan\u021ba conceptului de iubire autentic\u0103 al lui Hegel pentru teoria social\u0103 \u0219i filosofia religiei de ast\u0103zi<\/strong><\/p>\n<p>Autor: Herta Nagl-Docekal<\/p>\n<p>Pagini: 47-64<\/p>\n<p>Abstract:<\/p>\n<p>Seeking to elucidate the idea of \u201ctrue love\u201d that we have known all along, albeit<br \/>\nnot in a clearly spelled out form, Hegel employs the core notion of his philosophy: \u201cSpirit<br \/>\n[Geist]\u201d, defined as a dialectical process. Part I of the paper highlights the reciprocal character<br \/>\nof his conception: Hegel portrays \u201ctrue love\u201d as a mutual involvement with \u201cthis person as<br \/>\na whole\u201d that cherishes and supports \u201cthis person\u2019s singularity\u201d. Part II explains that, by understanding<br \/>\nlove in terms of \u201cSpirit\u201d, Hegel provides a well-argued foundation for assessing<br \/>\ndeficiencies of modern life. The discussed issues include, firstly, the current trend toward<br \/>\n\u201catomistic\u201d social conditions, secondly, the naturalistic reductionism in common clich\u00e9s of<br \/>\ngender relations, thirdly, the objectifying presentation of women which increases in public<br \/>\nculture. Part III explains Hegel\u2019s thesis that \u201ctrue love\u201d opens up a perspective that transcends<br \/>\nfiniteness, as elaborated in his thoughts on the pain of mourning. Linking this thesis with<br \/>\nKant\u2019s conception of the \u201cpostulates\u201d of future life and the existence of God, the paper sheds<br \/>\nlight on Hegel\u2019s reading of the Christian teaching that \u201cGod is love\u201d.<\/p>\n<p><a href=\"https:\/\/verbum.unibuc.ro\/wp-content\/uploads\/2022\/12\/04_Verbum_2_2021_Nagl-Docekal.pdf\">Full Text | PDF<\/a><\/p>\n<p>&nbsp;<\/p>\n<p><strong>Discourses on Love and Mysticism in American Pragmatism\/Discursuri despre iubire \u0219i mistic\u0103 \u00een pragmatismul american<\/strong><\/p>\n<p>Autor: Ludwig Nagl<\/p>\n<p>Pagini: 65-86<\/p>\n<p>Abstract:<\/p>\n<p>The paper has four parts. It starts with a brief glance at Charles Sanders<br \/>\nPeirce\u2019s concepts of \u201cagapism\u201d and \u201cevolutionary love\u201d (and on some \u201cagapism\u201d-related<br \/>\n\u201ctheo-semiotic\u201d traits in Peirce\u2019s concept of \u201cobjective idealism\u201d). Part two deals with William<br \/>\nJames\u2019s Lecture on \u201cMysticism\u201d in his\u00a0<em>Varieties of Religious Experience<\/em>, and looks at<br \/>\nWittgenstein as a reader of James\u2019s Varieties. Part three is dedicated to Josiah Royce\u2019s re \u2013<br \/>\nflections on charity and the \u201cinvisible church\u201d (in: Source of Religious Insight, Part VII<br \/>\n\u201cThe unity of the Spirit and the invisible church\u201d). Part four\u2014a neopragmatic annex to the<br \/>\nprevious glances at Classical pragmatists and pragmaticists\u2014discusses Richard Rorty\u2019s<br \/>\n(and Gianni Vattimo\u2019s) remarks on 1 Corinthians, 13 (in\u00a0<em>The Future of Religion<\/em>).<\/p>\n<p><a href=\"https:\/\/verbum.unibuc.ro\/wp-content\/uploads\/2022\/12\/05_Verbum_2_2021_Nagl.pdf\">Full Text | PDF<\/a><\/p>\n<p>&nbsp;<\/p>\n<p><strong>The Value of Love in Terms of Ontological, Epistemological and Social Harmony in George F. McLean\u2019s Writings\/Valoarea iubirii \u00een termeni de armonie ontologic\u0103, epistemologic\u0103 \u0219i social\u0103 \u00een scrierile lui George F. McLean<\/strong><\/p>\n<p>Autor: Emanuel S\u0103l\u0103gean<\/p>\n<p>Pagini: 87-108<\/p>\n<p>Abstract:<\/p>\n<p>The theme of \u201clove\u201d is very present in George F. McLean\u2019s writings, but in<br \/>\nthis paper, we will refer to three major directions. First, love has an ontological character<br \/>\nfor him, by the nature of its source and divine manifestation, because \u201cGod is love\u201d (1 John<br \/>\n4: 8). Secondly, love is the reason that makes the context favorable to the epistemological<br \/>\nexperience, at the same time being a tool that facilitates knowledge. And thirdly, love is the<br \/>\ningredient without the social harmony cannot be achieved. McLean is interested in these issues<br \/>\nbecause he is concerned with some functional applications that can make significant<br \/>\ncontributions to self-knowledge and self-affirmation, as well as to establishing effective relationships<br \/>\nbetween people from different cultures or religions.<\/p>\n<p><a href=\"https:\/\/verbum.unibuc.ro\/wp-content\/uploads\/2022\/12\/06_Verbum_2_2021_Salagean-1.pdf\">Full Text | PDF<\/a><\/p>\n<p>&nbsp;<\/p>\n<p><strong>From Mysticism to Psychoanalysis: Julia Kristeva\u2019s Love for Teresa of Avila\/De la mistic\u0103 la psihanaliz\u0103: iubirea Juliei Kristeva fa\u021b\u0103 de Tereza de \u00c1vila<\/strong><\/p>\n<p>Autor: Gertrude Postl<\/p>\n<p>Pagini: 109-126<\/p>\n<p>Abstract:<\/p>\n<p>The present paper shall focus on one specific aspect of Kristeva\u2019s interest in<br \/>\nlove and religion, namely on her account of Christian mysticism. The first part will investigate<br \/>\nKristeva\u2019s understanding of love with reference to Teresa\u2019s mystical experience as<br \/>\nwell as the psychoanalytic process. The second part\u2014focusing more explicitly on issues of<br \/>\nlanguage and writing\u2014will locate Kristeva\u2019s reading of Teresa within the broader context<br \/>\nof her revolt project by claiming that Teresa may serve as an example for Kristeva\u2019s<br \/>\nconcept of \u201cintimate revolt,\u201d thus attributing to her life and writing a political dimension<br \/>\nand turning love into an aspect of revolt.<\/p>\n<p><a href=\"https:\/\/verbum.unibuc.ro\/wp-content\/uploads\/2022\/12\/07_Verbum_2_2021_Postl-1.pdf\">Full Text | PDF<\/a><\/p>\n<p>&nbsp;<\/p>\n<p><strong>Love and Initiatory Search in the Novel\u00a0<em>The Forbidden Forest<\/em>\u00a0by Mircea Eliade\/Iubire \u0219i c\u0103utare ini\u021biatic\u0103 \u00een romanul\u00a0<em>Noaptea de S\u00e2nziene<\/em>\u00a0al lui Mircea Eliade<\/strong><\/p>\n<p>Autor: Lorena Valeria Stuparu<\/p>\n<p>Pagini: 127-146<\/p>\n<p>Abstract:<\/p>\n<p>The purpose of the research of initiation is, from Eliade perspective, the<br \/>\nknowledge of man, because the initiation is an act that engages not only the religious life of<br \/>\nthe individual, but it engages his total life (<em>Aspects du mythe<\/em>\u00a01963). In other words, the initiatory<br \/>\ncomponent of the religious experience is related both to the miracle of life, which<br \/>\ncan be represented as a continuous initiation, and to the gnosiological course of the individual.<br \/>\nAlthough for the most part, modern people have lost their sense of religiously life,<br \/>\nso initiation has almost disappeared from the modern world, Eliade remarked that beyond<br \/>\nthe traditional formulas of initiation experiences, and even in the absence of \u201cecstatic journeys\u201d, spiritual renewal and \u201cclairvoyance\u201d can be achieved when man falls in love, when<br \/>\nlife itself is understood as a continual trial. It is a (contemplative) path opened by the work<br \/>\nof Mircea Eliade who in the Diary interprets his own life as a \u201clabyrinthine initiation\u201d. In<br \/>\nthe novel\u00a0<em>The Forbidden Forest<\/em>\u00a0(<em>Noaptea de S\u00e2nziene)<\/em>, the labyrinthine initiation is impelled<br \/>\nby the \u201cnostalgia of paradise\u201d related to the deep impulses of man, among which that<br \/>\nof love is paramount, according to the image and likeness of the Creator. According to the<br \/>\nevangelical hermeneutics of love, this is the dynamic expression of man\u2019s divine image and<br \/>\nlikeness and at the same time of his power to overcome death, to have access to being,<br \/>\nknowledge and virtue, to onto-gnoseological mystery. This text aims to show that beyond<br \/>\nthe power to resist the evils of the world, love can give the lover \u201cforesight\u201d and stimulates<br \/>\nthe imagination in a creative sense, as happens in the novel\u00a0<em>The Forbidden Forest<\/em>\u00a0(<em>Noaptea<\/em><br \/>\n<em>de S\u00e2nziene<\/em>) by Mircea Eliade.<\/p>\n<p><a href=\"https:\/\/verbum.unibuc.ro\/wp-content\/uploads\/2022\/12\/08_Verbum_2_2021_Stuparu-1.pdf\">Full Text | PDF<\/a><\/p>\n<p>&nbsp;<\/p>\n<p><strong>Love for Nature in the Encyclical Letter\u00a0<em>Laudato Si\u2019<\/em>\/Iubirea fa\u021b\u0103 de natur\u0103 \u00een Scrisoarea enciclic\u0103\u00a0<em>Laudato Si\u2019<\/em><\/strong><\/p>\n<p>Autor: Tarciziu-Hristofor \u0218erban<\/p>\n<p>Pagini: 147-162<\/p>\n<p>Abstract:<\/p>\n<p>In this article I\u2019m concerned to go deeper into the notion of love, which cannot<br \/>\nremain a purely theological, philosophical, or mystical notion. It is meant to be a reflex<br \/>\nattitude, a way of relating between fellow human beings but also between man and the rest<br \/>\nof the creatures. Its lack not only leads to indifference and alienation, but to catastrophic<br \/>\nconsequences both for the relationships between people and for those between man and<br \/>\nnature. For example, the Holy Father, Pope Francis, offers us, in his Encyclical Letter<br \/>\n<em>Laudato Si\u2019<\/em>, an illustration of these consequences and, at the same time, an urge to recover<br \/>\nthe said attitude. In the following pages I try to focus my attention on this pontifical document<br \/>\nemphasizing the need for a better relationship between man and nature.<\/p>\n<p><a href=\"https:\/\/verbum.unibuc.ro\/wp-content\/uploads\/2022\/12\/09_Verbum_2_2021_Serban-1.pdf\">Full Text | PDF<\/a><\/p>\n<p>&nbsp;<\/p>\n<p>&nbsp;<\/p>\n<p><strong>Nout\u0103\u021bi editoriale\/Book Presentations<\/strong><\/p>\n<p>Recenzii de: Mihaela Voicu<\/p>\n<p>Pagini: 163-168<\/p>\n<p><a href=\"https:\/\/verbum.unibuc.ro\/wp-content\/uploads\/2022\/12\/10_Verbum_2_2021_Noutati_Editoriale-1.pdf\">Full Text | PDF<\/a><\/p>\n<p>&nbsp;<\/p>\n<p><strong>Cronic\u0103<\/strong><\/p>\n<p>Autor: Iulia Cojocariu<\/p>\n<p>Pagini: 169-170<\/p>\n<p><a href=\"https:\/\/verbum.unibuc.ro\/wp-content\/uploads\/2022\/12\/11_Verbum_2_2021_Cronica.pdf\">Full Text | PDF<\/a><\/p>\n<p>&nbsp;<\/p>\n<p><strong>Events<\/strong><\/p>\n<p>Autor: Iulia Cojocariu<\/p>\n<p>Pagini: 171-172<\/p>\n<p><a href=\"https:\/\/verbum.unibuc.ro\/wp-content\/uploads\/2022\/12\/12_Verbum_2_2021_Events.pdf\">Full Text | PDF<\/a><\/p>\n","protected":false},"excerpt":{"rendered":"<p>Mystical Love in Philo of Alexandria\/Iubirea mistic\u0103 la Filon din Alexandria Autor: Stephan Hecht Pagini:&#8230;<\/p>\n","protected":false},"author":2,"featured_media":0,"parent":0,"menu_order":0,"comment_status":"closed","ping_status":"closed","template":"","meta":{"footnotes":""},"class_list":["post-175","page","type-page","status-publish","hentry"],"_links":{"self":[{"href":"https:\/\/verbum.unibuc.ro\/index.php?rest_route=\/wp\/v2\/pages\/175","targetHints":{"allow":["GET"]}}],"collection":[{"href":"https:\/\/verbum.unibuc.ro\/index.php?rest_route=\/wp\/v2\/pages"}],"about":[{"href":"https:\/\/verbum.unibuc.ro\/index.php?rest_route=\/wp\/v2\/types\/page"}],"author":[{"embeddable":true,"href":"https:\/\/verbum.unibuc.ro\/index.php?rest_route=\/wp\/v2\/users\/2"}],"replies":[{"embeddable":true,"href":"https:\/\/verbum.unibuc.ro\/index.php?rest_route=%2Fwp%2Fv2%2Fcomments&post=175"}],"version-history":[{"count":1,"href":"https:\/\/verbum.unibuc.ro\/index.php?rest_route=\/wp\/v2\/pages\/175\/revisions"}],"predecessor-version":[{"id":176,"href":"https:\/\/verbum.unibuc.ro\/index.php?rest_route=\/wp\/v2\/pages\/175\/revisions\/176"}],"wp:attachment":[{"href":"https:\/\/verbum.unibuc.ro\/index.php?rest_route=%2Fwp%2Fv2%2Fmedia&parent=175"}],"curies":[{"name":"wp","href":"https:\/\/api.w.org\/{rel}","templated":true}]}}